{"id":8088,"date":"2018-12-10T04:55:29","date_gmt":"2018-12-10T04:55:29","guid":{"rendered":"http:\/\/travelhotel.wpengine.com\/?page_id=8088"},"modified":"2021-04-03T22:19:02","modified_gmt":"2021-04-03T22:19:02","slug":"contact","status":"publish","type":"page","link":"https:\/\/tourbookinturkey.com\/pl\/contact\/","title":{"rendered":"Contact"},"content":{"rendered":"<p>[vc_row][vc_column][vc_empty_space height=&#8221;75px&#8221;][\/vc_column][\/vc_row][vc_row][vc_column width=&#8221;5\/12&#8243;]\n<div class=\"wpcf7 no-js\" id=\"wpcf7-f7467-o1\" lang=\"en-US\" dir=\"ltr\" data-wpcf7-id=\"7467\">\n<div class=\"screen-reader-response\"><p role=\"status\" aria-live=\"polite\" aria-atomic=\"true\"><\/p> <ul><\/ul><\/div>\n<form action=\"\/pl\/wp-json\/wp\/v2\/pages\/8088#wpcf7-f7467-o1\" method=\"post\" class=\"wpcf7-form init\" aria-label=\"Contact form\" novalidate=\"novalidate\" data-status=\"init\">\n<fieldset class=\"hidden-fields-container\"><input type=\"hidden\" name=\"_wpcf7\" value=\"7467\" \/><input type=\"hidden\" name=\"_wpcf7_version\" value=\"6.1.5\" \/><input type=\"hidden\" name=\"_wpcf7_locale\" value=\"en_US\" \/><input type=\"hidden\" name=\"_wpcf7_unit_tag\" value=\"wpcf7-f7467-o1\" \/><input type=\"hidden\" name=\"_wpcf7_container_post\" value=\"0\" \/><input type=\"hidden\" name=\"_wpcf7_posted_data_hash\" value=\"\" \/>\n<\/fieldset>\n<div class=\"st-contact-form\">\n\t<div class=\"contact-header\">\n\t\t<h3>Bardzo chcieliby\u015bmy us\u0142ysze\u0107 od Ciebie\n\t\t<\/h3>\n\t\t<p>Wy\u015blij nam wiadomo\u015b\u0107, a my odpowiemy najszybciej, jak to mo\u017cliwe\n\t\t<\/p>\n\t<\/div>\n\t<div class=\"contact-form\">\n\t\t<div class=\"form-group\">\n\t\t\t<p><span class=\"wpcf7-form-control-wrap\" data-name=\"your-name\"><input size=\"40\" maxlength=\"400\" class=\"wpcf7-form-control wpcf7-text wpcf7-validates-as-required form-control\" aria-required=\"true\" aria-invalid=\"false\" placeholder=\"Nazwa\" value=\"\" type=\"text\" name=\"your-name\" \/><\/span>\n\t\t\t<\/p>\n\t\t<\/div>\n\t\t<div class=\"form-group\">\n\t\t\t<p><span class=\"wpcf7-form-control-wrap\" data-name=\"your-name\"><input size=\"40\" maxlength=\"400\" class=\"wpcf7-form-control wpcf7-email wpcf7-validates-as-required wpcf7-text wpcf7-validates-as-email form-control\" aria-required=\"true\" aria-invalid=\"false\" placeholder=\"E-mail\" value=\"\" type=\"email\" name=\"your-name\" \/><\/span>\n\t\t\t<\/p>\n\t\t<\/div>\n\t\t<div class=\"form-group\">\n\t\t\t<p><span class=\"wpcf7-form-control-wrap\" data-name=\"your-message\"><textarea cols=\"40\" rows=\"10\" maxlength=\"2000\" class=\"wpcf7-form-control wpcf7-textarea form-control\" aria-invalid=\"false\" placeholder=\"Wiadomo\u015b\u0107\" name=\"your-message\"><\/textarea><\/span>\n\t\t\t<\/p>\n\t\t<\/div>\n\t\t<p><input class=\"wpcf7-form-control wpcf7-submit has-spinner btn btn-primary\" type=\"submit\" value=\"WY\u015aLIJ WIADOMO\u015a\u0106\" \/>\n\t\t<\/p>\n\t<\/div>\n<\/div><div class=\"wpcf7-response-output\" aria-hidden=\"true\"><\/div>\n<\/form>\n<\/div>\n[vc_empty_space height=&#8221;25px&#8221;][\/vc_column][vc_column width=&#8221;2\/12&#8243;][\/vc_column][vc_column width=&#8221;5\/12&#8243;]<div class=\"st-contact-info\">\r\n    <div class=\"info-bg\">\r\n        <img decoding=\"async\" src=\"https:\/\/tourbookinturkey.com\/pl\/wp-content\/uploads\/2021\/04\/tourbookin-contact.jpg\" class=\"img-responsive\" alt=\"Background Contact Info\"\/>    <\/div>\r\n    <div class=\"info-content\">\r\n                <h3>Tourbookinturkey<\/h3>\r\n                        <div class=\"sub\">\r\n            <span style=\"color: white;\">Telefon. +905538726294<\/span><\/p>\n<p><span style=\"color: white;\">E-mail: info@tourbookinturkey.com<\/span><\/p>\n<p class=\"address\">Adres: Antalya TURKEY<\/p>\n<p>            <!--<p>Tell. + 00 222 444 33<\/p>\r\n            <p>Email. hello@yoursite.com<\/p>\r\n            <p class=\"address\">1355 Market St, Suite 900San, Francisco, CA 94103 United States<\/p>-->\r\n        <\/div>\r\n            <\/div>\r\n<\/div>[vc_empty_space height=&#8221;75px&#8221;][\/vc_column][\/vc_row][vc_row full_width=&#8221;stretch_row_content_no_spaces&#8221; row_fullwidth=&#8221;yes&#8221; css=&#8221;.vc_custom_1543398264656{margin-bottom: -100px !important;}&#8221;][vc_column css=&#8221;.vc_custom_1543213048580{padding-right: 0px !important;padding-left: 0px !important;}&#8221;][vc_gmaps link=&#8221;#E-8_JTNDaWZyYW1lJTIwc3JjJTNEJTIyaHR0cHMlM0ElMkYlMkZ3d3cuZ29vZ2xlLmNvbSUyRm1hcHMlMkZlbWJlZCUzRnBiJTNEJTIxMW0xNCUyMTFtOCUyMTFtMyUyMTFkMTI3NjguMTAzNTEyMjYxMjU0JTIxMmQzMS4wNTMxMTQ5JTIxM2QzNi44NjU3OTk0JTIxM20yJTIxMWkxMDI0JTIxMmk3NjglMjE0ZjEzLjElMjEzbTMlMjExbTIlMjExczB4MCUyNTNBMHhmYTdlNjQ2Y2RmYmI0OTI4JTIxMnNUb3VyJTI1MjBCb29rJTI1MjBpbiUyNTIwVHVya2V5JTIxNWUwJTIxM20yJTIxMXN0ciUyMTJzdHIlMjE0djE2MTUzMTAwNDUyMjklMjE1bTIlMjExc3RyJTIxMnN0ciUyMiUyMHdpZHRoJTNEJTIyNjAwJTIyJTIwaGVpZ2h0JTNEJTIyNDUwJTIyJTIwc3R5bGUlM0QlMjJib3JkZXIlM0EwJTNCJTIyJTIwYWxsb3dmdWxsc2NyZWVuJTNEJTIyJTIyJTIwbG9hZGluZyUzRCUyMmxhenklMjIlM0UlM0MlMkZpZnJhbWUlM0U=&#8221;][\/vc_column][\/vc_row]<\/p>\n","protected":false},"excerpt":{"rendered":"<p>[vc_row][vc_column][vc_empty_space height=&#8221;75px&#8221;][\/vc_column][\/vc_row][vc_row][vc_column width=&#8221;5\/12&#8243;][vc_empty_space height=&#8221;25px&#8221;][\/vc_column][vc_column width=&#8221;2\/12&#8243;][\/vc_column][vc_column width=&#8221;5\/12&#8243;][vc_empty_space height=&#8221;75px&#8221;][\/vc_column][\/vc_row][vc_row full_width=&#8221;stretch_row_content_no_spaces&#8221; row_fullwidth=&#8221;yes&#8221; css=&#8221;.vc_custom_1543398264656{margin-bottom: -100px !important;}&#8221;][vc_column css=&#8221;.vc_custom_1543213048580{padding-right: 0px !important;padding-left: 0px !important;}&#8221;][vc_gmaps link=&#8221;#E-8_JTNDaWZyYW1lJTIwc3JjJTNEJTIyaHR0cHMlM0ElMkYlMkZ3d3cuZ29vZ2xlLmNvbSUyRm1hcHMlMkZlbWJlZCUzRnBiJTNEJTIxMW0xNCUyMTFtOCUyMTFtMyUyMTFkMTI3NjguMTAzNTEyMjYxMjU0JTIxMmQzMS4wNTMxMTQ5JTIxM2QzNi44NjU3OTk0JTIxM20yJTIxMWkxMDI0JTIxMmk3NjglMjE0ZjEzLjElMjEzbTMlMjExbTIlMjExczB4MCUyNTNBMHhmYTdlNjQ2Y2RmYmI0OTI4JTIxMnNUb3VyJTI1MjBCb29rJTI1MjBpbiUyNTIwVHVya2V5JTIxNWUwJTIxM20yJTIxMXN0ciUyMTJzdHIlMjE0djE2MTUzMTAwNDUyMjklMjE1bTIlMjExc3RyJTIxMnN0ciUyMiUyMHdpZHRoJTNEJTIyNjAwJTIyJTIwaGVpZ2h0JTNEJTIyNDUwJTIyJTIwc3R5bGUlM0QlMjJib3JkZXIlM0EwJTNCJTIyJTIwYWxsb3dmdWxsc2NyZWVuJTNEJTIyJTIyJTIwbG9hZGluZyUzRCUyMmxhenklMjIlM0UlM0MlMkZpZnJhbWUlM0U=&#8221;][\/vc_column][\/vc_row]<\/p>\n","protected":false},"author":1,"featured_media":46384,"parent":0,"menu_order":0,"comment_status":"closed","ping_status":"closed","template":"template-home-modern.php","meta":{"_acf_changed":false,"footnotes":""},"class_list":["post-8088","page","type-page","status-publish","has-post-thumbnail","hentry"],"acf":[],"yoast_head":"<!-- This site is optimized with the Yoast SEO plugin v27.1.1 - https:\/\/yoast.com\/product\/yoast-seo-wordpress\/ -->\n<title>Contact - Tour Book In Turkey<\/title>\n<meta name=\"robots\" content=\"index, follow, max-snippet:-1, max-image-preview:large, max-video-preview:-1\" \/>\n<link rel=\"canonical\" href=\"https:\/\/tourbookinturkey.com\/pl\/contact\/\" \/>\n<meta property=\"og:locale\" content=\"pl_PL\" \/>\n<meta property=\"og:type\" content=\"article\" \/>\n<meta property=\"og:title\" content=\"Contact - Tour Book In Turkey\" \/>\n<meta property=\"og:description\" content=\"[vc_row][vc_column][vc_empty_space height=&#8221;75px&#8221;][\/vc_column][\/vc_row][vc_row][vc_column width=&#8221;5\/12&#8243;][vc_empty_space height=&#8221;25px&#8221;][\/vc_column][vc_column width=&#8221;2\/12&#8243;][\/vc_column][vc_column width=&#8221;5\/12&#8243;][vc_empty_space height=&#8221;75px&#8221;][\/vc_column][\/vc_row][vc_row full_width=&#8221;stretch_row_content_no_spaces&#8221; row_fullwidth=&#8221;yes&#8221; css=&#8221;.vc_custom_1543398264656{margin-bottom: -100px !important;}&#8221;][vc_column css=&#8221;.vc_custom_1543213048580{padding-right: 0px !important;padding-left: 0px !important;}&#8221;][vc_gmaps link=&#8221;#E-8_JTNDaWZyYW1lJTIwc3JjJTNEJTIyaHR0cHMlM0ElMkYlMkZ3d3cuZ29vZ2xlLmNvbSUyRm1hcHMlMkZlbWJlZCUzRnBiJTNEJTIxMW0xNCUyMTFtOCUyMTFtMyUyMTFkMTI3NjguMTAzNTEyMjYxMjU0JTIxMmQzMS4wNTMxMTQ5JTIxM2QzNi44NjU3OTk0JTIxM20yJTIxMWkxMDI0JTIxMmk3NjglMjE0ZjEzLjElMjEzbTMlMjExbTIlMjExczB4MCUyNTNBMHhmYTdlNjQ2Y2RmYmI0OTI4JTIxMnNUb3VyJTI1MjBCb29rJTI1MjBpbiUyNTIwVHVya2V5JTIxNWUwJTIxM20yJTIxMXN0ciUyMTJzdHIlMjE0djE2MTUzMTAwNDUyMjklMjE1bTIlMjExc3RyJTIxMnN0ciUyMiUyMHdpZHRoJTNEJTIyNjAwJTIyJTIwaGVpZ2h0JTNEJTIyNDUwJTIyJTIwc3R5bGUlM0QlMjJib3JkZXIlM0EwJTNCJTIyJTIwYWxsb3dmdWxsc2NyZWVuJTNEJTIyJTIyJTIwbG9hZGluZyUzRCUyMmxhenklMjIlM0UlM0MlMkZpZnJhbWUlM0U=&#8221;][\/vc_column][\/vc_row]\" \/>\n<meta property=\"og:url\" content=\"https:\/\/tourbookinturkey.com\/pl\/contact\/\" \/>\n<meta property=\"og:site_name\" content=\"Tour Book In Turkey\" \/>\n<meta property=\"article:modified_time\" content=\"2021-04-03T22:19:02+00:00\" \/>\n<meta property=\"og:image\" content=\"https:\/\/tourbookinturkey.com\/pl\/wp-content\/uploads\/2021\/04\/gallary_4-1.jpg\" \/>\n\t<meta property=\"og:image:width\" content=\"1920\" \/>\n\t<meta property=\"og:image:height\" content=\"1220\" \/>\n\t<meta property=\"og:image:type\" content=\"image\/jpeg\" \/>\n<meta name=\"twitter:card\" content=\"summary_large_image\" \/>\n<meta name=\"twitter:label1\" content=\"Szacowany czas czytania\" \/>\n\t<meta name=\"twitter:data1\" content=\"1 minuta\" \/>\n<script type=\"application\/ld+json\" class=\"yoast-schema-graph\">{\"@context\":\"https:\/\/schema.org\",\"@graph\":[{\"@type\":\"WebPage\",\"@id\":\"https:\/\/tourbookinturkey.com\/pl\/contact\/\",\"url\":\"https:\/\/tourbookinturkey.com\/pl\/contact\/\",\"name\":\"Contact - Tour Book In Turkey\",\"isPartOf\":{\"@id\":\"https:\/\/tourbookinturkey.com\/pl\/#website\"},\"primaryImageOfPage\":{\"@id\":\"https:\/\/tourbookinturkey.com\/pl\/contact\/#primaryimage\"},\"image\":{\"@id\":\"https:\/\/tourbookinturkey.com\/pl\/contact\/#primaryimage\"},\"thumbnailUrl\":\"https:\/\/tourbookinturkey.com\/pl\/wp-content\/uploads\/2021\/04\/gallary_4-1.jpg\",\"datePublished\":\"2018-12-10T04:55:29+00:00\",\"dateModified\":\"2021-04-03T22:19:02+00:00\",\"breadcrumb\":{\"@id\":\"https:\/\/tourbookinturkey.com\/pl\/contact\/#breadcrumb\"},\"inLanguage\":\"pl-PL\",\"potentialAction\":[{\"@type\":\"ReadAction\",\"target\":[\"https:\/\/tourbookinturkey.com\/pl\/contact\/\"]}]},{\"@type\":\"ImageObject\",\"inLanguage\":\"pl-PL\",\"@id\":\"https:\/\/tourbookinturkey.com\/pl\/contact\/#primaryimage\",\"url\":\"https:\/\/tourbookinturkey.com\/pl\/wp-content\/uploads\/2021\/04\/gallary_4-1.jpg\",\"contentUrl\":\"https:\/\/tourbookinturkey.com\/pl\/wp-content\/uploads\/2021\/04\/gallary_4-1.jpg\",\"width\":1920,\"height\":1220},{\"@type\":\"BreadcrumbList\",\"@id\":\"https:\/\/tourbookinturkey.com\/pl\/contact\/#breadcrumb\",\"itemListElement\":[{\"@type\":\"ListItem\",\"position\":1,\"name\":\"Home\",\"item\":\"https:\/\/tourbookinturkey.com\/pl\/\"},{\"@type\":\"ListItem\",\"position\":2,\"name\":\"Contact\"}]},{\"@type\":\"WebSite\",\"@id\":\"https:\/\/tourbookinturkey.com\/pl\/#website\",\"url\":\"https:\/\/tourbookinturkey.com\/pl\/\",\"name\":\"Tour Book In Turkey\",\"description\":\"Tour and Travel\",\"publisher\":{\"@id\":\"https:\/\/tourbookinturkey.com\/pl\/#organization\"},\"potentialAction\":[{\"@type\":\"SearchAction\",\"target\":{\"@type\":\"EntryPoint\",\"urlTemplate\":\"https:\/\/tourbookinturkey.com\/pl\/?s={search_term_string}\"},\"query-input\":{\"@type\":\"PropertyValueSpecification\",\"valueRequired\":true,\"valueName\":\"search_term_string\"}}],\"inLanguage\":\"pl-PL\"},{\"@type\":\"Organization\",\"@id\":\"https:\/\/tourbookinturkey.com\/pl\/#organization\",\"name\":\"Tour Book in Turkey\",\"url\":\"https:\/\/tourbookinturkey.com\/pl\/\",\"logo\":{\"@type\":\"ImageObject\",\"inLanguage\":\"pl-PL\",\"@id\":\"https:\/\/tourbookinturkey.com\/pl\/#\/schema\/logo\/image\/\",\"url\":\"https:\/\/tourbookinturkey.com\/pl\/wp-content\/uploads\/2019\/11\/logo-tour-1-e1577294646598-1.png\",\"contentUrl\":\"https:\/\/tourbookinturkey.com\/pl\/wp-content\/uploads\/2019\/11\/logo-tour-1-e1577294646598-1.png\",\"width\":3780,\"height\":1320,\"caption\":\"Tour Book in Turkey\"},\"image\":{\"@id\":\"https:\/\/tourbookinturkey.com\/pl\/#\/schema\/logo\/image\/\"}}]}<\/script>\n<!-- \/ Yoast SEO plugin. -->","yoast_head_json":{"title":"Contact - Tour Book In Turkey","robots":{"index":"index","follow":"follow","max-snippet":"max-snippet:-1","max-image-preview":"max-image-preview:large","max-video-preview":"max-video-preview:-1"},"canonical":"https:\/\/tourbookinturkey.com\/pl\/contact\/","og_locale":"pl_PL","og_type":"article","og_title":"Contact - Tour Book In Turkey","og_description":"[vc_row][vc_column][vc_empty_space height=&#8221;75px&#8221;][\/vc_column][\/vc_row][vc_row][vc_column width=&#8221;5\/12&#8243;][vc_empty_space height=&#8221;25px&#8221;][\/vc_column][vc_column width=&#8221;2\/12&#8243;][\/vc_column][vc_column width=&#8221;5\/12&#8243;][vc_empty_space height=&#8221;75px&#8221;][\/vc_column][\/vc_row][vc_row full_width=&#8221;stretch_row_content_no_spaces&#8221; row_fullwidth=&#8221;yes&#8221; css=&#8221;.vc_custom_1543398264656{margin-bottom: -100px !important;}&#8221;][vc_column css=&#8221;.vc_custom_1543213048580{padding-right: 0px !important;padding-left: 0px !important;}&#8221;][vc_gmaps link=&#8221;#E-8_JTNDaWZyYW1lJTIwc3JjJTNEJTIyaHR0cHMlM0ElMkYlMkZ3d3cuZ29vZ2xlLmNvbSUyRm1hcHMlMkZlbWJlZCUzRnBiJTNEJTIxMW0xNCUyMTFtOCUyMTFtMyUyMTFkMTI3NjguMTAzNTEyMjYxMjU0JTIxMmQzMS4wNTMxMTQ5JTIxM2QzNi44NjU3OTk0JTIxM20yJTIxMWkxMDI0JTIxMmk3NjglMjE0ZjEzLjElMjEzbTMlMjExbTIlMjExczB4MCUyNTNBMHhmYTdlNjQ2Y2RmYmI0OTI4JTIxMnNUb3VyJTI1MjBCb29rJTI1MjBpbiUyNTIwVHVya2V5JTIxNWUwJTIxM20yJTIxMXN0ciUyMTJzdHIlMjE0djE2MTUzMTAwNDUyMjklMjE1bTIlMjExc3RyJTIxMnN0ciUyMiUyMHdpZHRoJTNEJTIyNjAwJTIyJTIwaGVpZ2h0JTNEJTIyNDUwJTIyJTIwc3R5bGUlM0QlMjJib3JkZXIlM0EwJTNCJTIyJTIwYWxsb3dmdWxsc2NyZWVuJTNEJTIyJTIyJTIwbG9hZGluZyUzRCUyMmxhenklMjIlM0UlM0MlMkZpZnJhbWUlM0U=&#8221;][\/vc_column][\/vc_row]","og_url":"https:\/\/tourbookinturkey.com\/pl\/contact\/","og_site_name":"Tour Book In Turkey","article_modified_time":"2021-04-03T22:19:02+00:00","og_image":[{"width":1920,"height":1220,"url":"https:\/\/tourbookinturkey.com\/pl\/wp-content\/uploads\/2021\/04\/gallary_4-1.jpg","type":"image\/jpeg"}],"twitter_card":"summary_large_image","twitter_misc":{"Szacowany czas czytania":"1 minuta"},"schema":{"@context":"https:\/\/schema.org","@graph":[{"@type":"WebPage","@id":"https:\/\/tourbookinturkey.com\/pl\/contact\/","url":"https:\/\/tourbookinturkey.com\/pl\/contact\/","name":"Contact - Tour Book In Turkey","isPartOf":{"@id":"https:\/\/tourbookinturkey.com\/pl\/#website"},"primaryImageOfPage":{"@id":"https:\/\/tourbookinturkey.com\/pl\/contact\/#primaryimage"},"image":{"@id":"https:\/\/tourbookinturkey.com\/pl\/contact\/#primaryimage"},"thumbnailUrl":"https:\/\/tourbookinturkey.com\/pl\/wp-content\/uploads\/2021\/04\/gallary_4-1.jpg","datePublished":"2018-12-10T04:55:29+00:00","dateModified":"2021-04-03T22:19:02+00:00","breadcrumb":{"@id":"https:\/\/tourbookinturkey.com\/pl\/contact\/#breadcrumb"},"inLanguage":"pl-PL","potentialAction":[{"@type":"ReadAction","target":["https:\/\/tourbookinturkey.com\/pl\/contact\/"]}]},{"@type":"ImageObject","inLanguage":"pl-PL","@id":"https:\/\/tourbookinturkey.com\/pl\/contact\/#primaryimage","url":"https:\/\/tourbookinturkey.com\/pl\/wp-content\/uploads\/2021\/04\/gallary_4-1.jpg","contentUrl":"https:\/\/tourbookinturkey.com\/pl\/wp-content\/uploads\/2021\/04\/gallary_4-1.jpg","width":1920,"height":1220},{"@type":"BreadcrumbList","@id":"https:\/\/tourbookinturkey.com\/pl\/contact\/#breadcrumb","itemListElement":[{"@type":"ListItem","position":1,"name":"Home","item":"https:\/\/tourbookinturkey.com\/pl\/"},{"@type":"ListItem","position":2,"name":"Contact"}]},{"@type":"WebSite","@id":"https:\/\/tourbookinturkey.com\/pl\/#website","url":"https:\/\/tourbookinturkey.com\/pl\/","name":"Tour Book In Turkey","description":"Tour and Travel","publisher":{"@id":"https:\/\/tourbookinturkey.com\/pl\/#organization"},"potentialAction":[{"@type":"SearchAction","target":{"@type":"EntryPoint","urlTemplate":"https:\/\/tourbookinturkey.com\/pl\/?s={search_term_string}"},"query-input":{"@type":"PropertyValueSpecification","valueRequired":true,"valueName":"search_term_string"}}],"inLanguage":"pl-PL"},{"@type":"Organization","@id":"https:\/\/tourbookinturkey.com\/pl\/#organization","name":"Tour Book in Turkey","url":"https:\/\/tourbookinturkey.com\/pl\/","logo":{"@type":"ImageObject","inLanguage":"pl-PL","@id":"https:\/\/tourbookinturkey.com\/pl\/#\/schema\/logo\/image\/","url":"https:\/\/tourbookinturkey.com\/pl\/wp-content\/uploads\/2019\/11\/logo-tour-1-e1577294646598-1.png","contentUrl":"https:\/\/tourbookinturkey.com\/pl\/wp-content\/uploads\/2019\/11\/logo-tour-1-e1577294646598-1.png","width":3780,"height":1320,"caption":"Tour Book in Turkey"},"image":{"@id":"https:\/\/tourbookinturkey.com\/pl\/#\/schema\/logo\/image\/"}}]}},"_links":{"self":[{"href":"https:\/\/tourbookinturkey.com\/pl\/wp-json\/wp\/v2\/pages\/8088","targetHints":{"allow":["GET"]}}],"collection":[{"href":"https:\/\/tourbookinturkey.com\/pl\/wp-json\/wp\/v2\/pages"}],"about":[{"href":"https:\/\/tourbookinturkey.com\/pl\/wp-json\/wp\/v2\/types\/page"}],"author":[{"embeddable":true,"href":"https:\/\/tourbookinturkey.com\/pl\/wp-json\/wp\/v2\/users\/1"}],"replies":[{"embeddable":true,"href":"https:\/\/tourbookinturkey.com\/pl\/wp-json\/wp\/v2\/comments?post=8088"}],"version-history":[{"count":2,"href":"https:\/\/tourbookinturkey.com\/pl\/wp-json\/wp\/v2\/pages\/8088\/revisions"}],"predecessor-version":[{"id":46387,"href":"https:\/\/tourbookinturkey.com\/pl\/wp-json\/wp\/v2\/pages\/8088\/revisions\/46387"}],"wp:featuredmedia":[{"embeddable":true,"href":"https:\/\/tourbookinturkey.com\/pl\/wp-json\/wp\/v2\/media\/46384"}],"wp:attachment":[{"href":"https:\/\/tourbookinturkey.com\/pl\/wp-json\/wp\/v2\/media?parent=8088"}],"curies":[{"name":"wp","href":"https:\/\/api.w.org\/{rel}","templated":true}]}}