{"id":8028,"date":"2018-12-10T03:06:47","date_gmt":"2018-12-10T03:06:47","guid":{"rendered":"http:\/\/travelhotel.wpengine.com\/?page_id=8028"},"modified":"2021-04-10T18:10:52","modified_gmt":"2021-04-10T18:10:52","slug":"o-nas","status":"publish","type":"page","link":"https:\/\/tourbookinturkey.com\/pl\/o-nas\/","title":{"rendered":"O nas"},"content":{"rendered":"<p>[vc_row][vc_column][vc_empty_space height=&#8221;40px&#8221;][\/vc_column][\/vc_row][vc_row][vc_column][vc_column_text el_class=&#8221;st-aboutus-content&#8221;]O nas<br \/>\nO tourbookinturkey.com<\/p>\n<p>Nasze Biuro Podr\u00f3\u017cy, kt\u00f3re jest cz\u0142onkiem Stowarzyszenia Biur Podr\u00f3\u017cy w Turcji, oferuje wczasowiczom w naszym kraju swoje do\u015bwiadczenia, kt\u00f3re osi\u0105gn\u0119\u0142y uniwersalne standardy, za po\u015brednictwem www.tourbookinturkey.com Bez po\u015brednictwa, nasze produkty dostarczamy naszym go\u015bciom wy\u0142\u0105cznie za po\u015brednictwem naszej strony internetowej . Jeste\u015bmy w stanie zaoferowa\u0107 tym go\u015bciom niedrogie wakacje. Zawieranie indywidualnych um\u00f3w z obiektami Wszystkie ceny na naszej stronie s\u0105 rzeczywistymi cenami agencyjnymi bez po\u015brednik\u00f3w.<\/p>\n<p>Opr\u00f3cz wczasowicz\u00f3w indywidualnych, stowarzyszeniom, instytucjom, organizacjom i firmom oferujemy rozwi\u0105zania o wysokiej jako\u015bci us\u0142ug po specjalnych cenach. Mo\u017cesz skorzysta\u0107 z naszych bilet\u00f3w lotniczych, transferu na lotnisko, codziennych us\u0142ug turystycznych.<\/p>\n<p>Je\u015bli chodzi o organizacj\u0119 wakacji, mo\u017cesz klikn\u0105\u0107 nasz\u0105 stron\u0119 internetow\u0105, wej\u015b\u0107 do jednego z naszych sklep\u00f3w, uruchomi\u0107 nasz\u0105 aplikacj\u0119 lub zadzwoni\u0107 do naszego centrum kontaktowego. Gdy Ciebie nie ma, nasze ca\u0142odobowe Centrum Do\u015bwiadcze\u0144 wwww.tourbookinturkey.com oznacza, \u017ce \u200b\u200bnasz globalny zesp\u00f3\u0142 ekspert\u00f3w ds. Podr\u00f3\u017cy jest do Twojej dyspozycji, gdy tylko nas potrzebujesz.<br \/>\nCO ROBIMY NAJLEPIEJ\u2026<\/p>\n<p>DO\u015aWIADCZENIA SZYTE NA MIAR\u0118<br \/>\nNasze portfolio wakacyjne obejmuje wszystko, od wakacji na pla\u017cy i wypad\u00f3w do miasta po wypady nad jeziora i g\u00f3ry. Oferujemy r\u00f3wnie\u017c wycieczki, kt\u00f3re pozwalaj\u0105 pozna\u0107 egzotyczne miejsca, takie jak Kemer, Alanya i Belek w zupe\u0142nie nowy spos\u00f3b, oraz wycieczki do wielu miejsc z ponad 5000 kombinacji do wyboru. Ponadto nasze elastyczne opcje lot\u00f3w, transfery taks\u00f3wk\u0105 i loty z lokalnego lotniska oznaczaj\u0105, \u017ce mo\u017cesz zaprojektowa\u0107 idealne wakacje, tak jak chcesz.<\/p>\n<p>REJSY MORSKIE I RZEKOWE<br \/>\nOd Alanyi po pla\u017ce Fethiye, mo\u017cesz odkrywa\u0107 ponad 200 miejsc na naszych luksusowych jachtach i guletach. Nasza rosn\u0105ca flota obejmuje wszystko, od statk\u00f3w przyjaznych rodzinom po statki tylko dla doros\u0142ych &#8211; a ponadto s\u0105 one standardowo dost\u0119pne w opcji All Inclusive, w tym napiwki i op\u0142aty za obs\u0142ug\u0119. Tourbookinturkey.com Rejs po rzece, post\u00f3j na cudownych cichych pla\u017cach i ukrytych miejscach po drodze.<\/p>\n<p>\u2022<\/p>\n<p>LEPSZE WAKACJE, LEPSZY \u015aWIAT<\/p>\n<p>Informacje o naszej firmie<br \/>\nT\u00fcrsab Dokument nr: A Grupa 11485<br \/>\nAdres: Mamutlar Mah. D-400 Karayolu Ustu Bulvar\u0131 G\u00fclkent Sitesi A Blok Apt. No: 163 A \/ A Alanya \/ Antalya<br \/>\nTelefon :: +905538726294<br \/>\nE-mail: info@tourbookinturkey.com<br \/>\nSUN TODOS TUR\u0130ZM OTELC\u0130L\u0130K T\u0130C. SP. Z O.O. \u015eT\u0130.[\/vc_column_text][\/vc_column][\/vc_row]<\/p>\n","protected":false},"excerpt":{"rendered":"<p>[vc_row][vc_column][vc_empty_space height=&#8221;40px&#8221;][\/vc_column][\/vc_row][vc_row][vc_column][vc_column_text el_class=&#8221;st-aboutus-content&#8221;]O nas O tourbookinturkey.com Nasze Biuro Podr\u00f3\u017cy, kt\u00f3re jest cz\u0142onkiem Stowarzyszenia Biur Podr\u00f3\u017cy w Turcji, oferuje wczasowiczom w naszym kraju swoje do\u015bwiadczenia, kt\u00f3re osi\u0105gn\u0119\u0142y uniwersalne standardy, za po\u015brednictwem www.tourbookinturkey.com Bez po\u015brednictwa, nasze produkty dostarczamy naszym go\u015bciom wy\u0142\u0105cznie za po\u015brednictwem naszej strony internetowej . Jeste\u015bmy w stanie zaoferowa\u0107 tym go\u015bciom niedrogie wakacje. Zawieranie indywidualnych [&hellip;]<\/p>\n","protected":false},"author":1,"featured_media":46382,"parent":0,"menu_order":0,"comment_status":"closed","ping_status":"closed","template":"template-home-modern.php","meta":{"_acf_changed":false,"footnotes":""},"class_list":["post-8028","page","type-page","status-publish","has-post-thumbnail","hentry"],"acf":[],"yoast_head":"<!-- This site is optimized with the Yoast SEO plugin v27.1.1 - https:\/\/yoast.com\/product\/yoast-seo-wordpress\/ -->\n<title>O nas - Tour Book In Turkey<\/title>\n<meta name=\"robots\" content=\"index, follow, max-snippet:-1, max-image-preview:large, max-video-preview:-1\" \/>\n<link rel=\"canonical\" href=\"https:\/\/tourbookinturkey.com\/pl\/o-nas\/\" \/>\n<meta property=\"og:locale\" content=\"pl_PL\" \/>\n<meta property=\"og:type\" content=\"article\" \/>\n<meta property=\"og:title\" content=\"O nas - Tour Book In Turkey\" \/>\n<meta property=\"og:description\" content=\"[vc_row][vc_column][vc_empty_space height=&#8221;40px&#8221;][\/vc_column][\/vc_row][vc_row][vc_column][vc_column_text el_class=&#8221;st-aboutus-content&#8221;]O nas O tourbookinturkey.com Nasze Biuro Podr\u00f3\u017cy, kt\u00f3re jest cz\u0142onkiem Stowarzyszenia Biur Podr\u00f3\u017cy w Turcji, oferuje wczasowiczom w naszym kraju swoje do\u015bwiadczenia, kt\u00f3re osi\u0105gn\u0119\u0142y uniwersalne standardy, za po\u015brednictwem www.tourbookinturkey.com Bez po\u015brednictwa, nasze produkty dostarczamy naszym go\u015bciom wy\u0142\u0105cznie za po\u015brednictwem naszej strony internetowej . Jeste\u015bmy w stanie zaoferowa\u0107 tym go\u015bciom niedrogie wakacje. Zawieranie indywidualnych [&hellip;]\" \/>\n<meta property=\"og:url\" content=\"https:\/\/tourbookinturkey.com\/pl\/o-nas\/\" \/>\n<meta property=\"og:site_name\" content=\"Tour Book In Turkey\" \/>\n<meta property=\"article:modified_time\" content=\"2021-04-10T18:10:52+00:00\" \/>\n<meta property=\"og:image\" content=\"https:\/\/tourbookinturkey.com\/pl\/wp-content\/uploads\/2021\/04\/tourbookin-blog-2.jpg\" \/>\n\t<meta property=\"og:image:width\" content=\"1200\" \/>\n\t<meta property=\"og:image:height\" content=\"900\" \/>\n\t<meta property=\"og:image:type\" content=\"image\/jpeg\" \/>\n<meta name=\"twitter:card\" content=\"summary_large_image\" \/>\n<meta name=\"twitter:label1\" content=\"Szacowany czas czytania\" \/>\n\t<meta name=\"twitter:data1\" content=\"2 minuty\" \/>\n<script type=\"application\/ld+json\" class=\"yoast-schema-graph\">{\"@context\":\"https:\/\/schema.org\",\"@graph\":[{\"@type\":\"WebPage\",\"@id\":\"https:\/\/tourbookinturkey.com\/pl\/o-nas\/\",\"url\":\"https:\/\/tourbookinturkey.com\/pl\/o-nas\/\",\"name\":\"O nas - Tour Book In Turkey\",\"isPartOf\":{\"@id\":\"https:\/\/tourbookinturkey.com\/pl\/#website\"},\"primaryImageOfPage\":{\"@id\":\"https:\/\/tourbookinturkey.com\/pl\/o-nas\/#primaryimage\"},\"image\":{\"@id\":\"https:\/\/tourbookinturkey.com\/pl\/o-nas\/#primaryimage\"},\"thumbnailUrl\":\"https:\/\/tourbookinturkey.com\/pl\/wp-content\/uploads\/2021\/04\/tourbookin-blog-2.jpg\",\"datePublished\":\"2018-12-10T03:06:47+00:00\",\"dateModified\":\"2021-04-10T18:10:52+00:00\",\"breadcrumb\":{\"@id\":\"https:\/\/tourbookinturkey.com\/pl\/o-nas\/#breadcrumb\"},\"inLanguage\":\"pl-PL\",\"potentialAction\":[{\"@type\":\"ReadAction\",\"target\":[\"https:\/\/tourbookinturkey.com\/pl\/o-nas\/\"]}]},{\"@type\":\"ImageObject\",\"inLanguage\":\"pl-PL\",\"@id\":\"https:\/\/tourbookinturkey.com\/pl\/o-nas\/#primaryimage\",\"url\":\"https:\/\/tourbookinturkey.com\/pl\/wp-content\/uploads\/2021\/04\/tourbookin-blog-2.jpg\",\"contentUrl\":\"https:\/\/tourbookinturkey.com\/pl\/wp-content\/uploads\/2021\/04\/tourbookin-blog-2.jpg\",\"width\":1200,\"height\":900},{\"@type\":\"BreadcrumbList\",\"@id\":\"https:\/\/tourbookinturkey.com\/pl\/o-nas\/#breadcrumb\",\"itemListElement\":[{\"@type\":\"ListItem\",\"position\":1,\"name\":\"Home\",\"item\":\"https:\/\/tourbookinturkey.com\/pl\/\"},{\"@type\":\"ListItem\",\"position\":2,\"name\":\"O nas\"}]},{\"@type\":\"WebSite\",\"@id\":\"https:\/\/tourbookinturkey.com\/pl\/#website\",\"url\":\"https:\/\/tourbookinturkey.com\/pl\/\",\"name\":\"Tour Book In Turkey\",\"description\":\"Tour and Travel\",\"publisher\":{\"@id\":\"https:\/\/tourbookinturkey.com\/pl\/#organization\"},\"potentialAction\":[{\"@type\":\"SearchAction\",\"target\":{\"@type\":\"EntryPoint\",\"urlTemplate\":\"https:\/\/tourbookinturkey.com\/pl\/?s={search_term_string}\"},\"query-input\":{\"@type\":\"PropertyValueSpecification\",\"valueRequired\":true,\"valueName\":\"search_term_string\"}}],\"inLanguage\":\"pl-PL\"},{\"@type\":\"Organization\",\"@id\":\"https:\/\/tourbookinturkey.com\/pl\/#organization\",\"name\":\"Tour Book in Turkey\",\"url\":\"https:\/\/tourbookinturkey.com\/pl\/\",\"logo\":{\"@type\":\"ImageObject\",\"inLanguage\":\"pl-PL\",\"@id\":\"https:\/\/tourbookinturkey.com\/pl\/#\/schema\/logo\/image\/\",\"url\":\"https:\/\/tourbookinturkey.com\/pl\/wp-content\/uploads\/2019\/11\/logo-tour-1-e1577294646598-1.png\",\"contentUrl\":\"https:\/\/tourbookinturkey.com\/pl\/wp-content\/uploads\/2019\/11\/logo-tour-1-e1577294646598-1.png\",\"width\":3780,\"height\":1320,\"caption\":\"Tour Book in Turkey\"},\"image\":{\"@id\":\"https:\/\/tourbookinturkey.com\/pl\/#\/schema\/logo\/image\/\"}}]}<\/script>\n<!-- \/ Yoast SEO plugin. -->","yoast_head_json":{"title":"O nas - Tour Book In Turkey","robots":{"index":"index","follow":"follow","max-snippet":"max-snippet:-1","max-image-preview":"max-image-preview:large","max-video-preview":"max-video-preview:-1"},"canonical":"https:\/\/tourbookinturkey.com\/pl\/o-nas\/","og_locale":"pl_PL","og_type":"article","og_title":"O nas - Tour Book In Turkey","og_description":"[vc_row][vc_column][vc_empty_space height=&#8221;40px&#8221;][\/vc_column][\/vc_row][vc_row][vc_column][vc_column_text el_class=&#8221;st-aboutus-content&#8221;]O nas O tourbookinturkey.com Nasze Biuro Podr\u00f3\u017cy, kt\u00f3re jest cz\u0142onkiem Stowarzyszenia Biur Podr\u00f3\u017cy w Turcji, oferuje wczasowiczom w naszym kraju swoje do\u015bwiadczenia, kt\u00f3re osi\u0105gn\u0119\u0142y uniwersalne standardy, za po\u015brednictwem www.tourbookinturkey.com Bez po\u015brednictwa, nasze produkty dostarczamy naszym go\u015bciom wy\u0142\u0105cznie za po\u015brednictwem naszej strony internetowej . Jeste\u015bmy w stanie zaoferowa\u0107 tym go\u015bciom niedrogie wakacje. Zawieranie indywidualnych [&hellip;]","og_url":"https:\/\/tourbookinturkey.com\/pl\/o-nas\/","og_site_name":"Tour Book In Turkey","article_modified_time":"2021-04-10T18:10:52+00:00","og_image":[{"width":1200,"height":900,"url":"https:\/\/tourbookinturkey.com\/pl\/wp-content\/uploads\/2021\/04\/tourbookin-blog-2.jpg","type":"image\/jpeg"}],"twitter_card":"summary_large_image","twitter_misc":{"Szacowany czas czytania":"2 minuty"},"schema":{"@context":"https:\/\/schema.org","@graph":[{"@type":"WebPage","@id":"https:\/\/tourbookinturkey.com\/pl\/o-nas\/","url":"https:\/\/tourbookinturkey.com\/pl\/o-nas\/","name":"O nas - Tour Book In Turkey","isPartOf":{"@id":"https:\/\/tourbookinturkey.com\/pl\/#website"},"primaryImageOfPage":{"@id":"https:\/\/tourbookinturkey.com\/pl\/o-nas\/#primaryimage"},"image":{"@id":"https:\/\/tourbookinturkey.com\/pl\/o-nas\/#primaryimage"},"thumbnailUrl":"https:\/\/tourbookinturkey.com\/pl\/wp-content\/uploads\/2021\/04\/tourbookin-blog-2.jpg","datePublished":"2018-12-10T03:06:47+00:00","dateModified":"2021-04-10T18:10:52+00:00","breadcrumb":{"@id":"https:\/\/tourbookinturkey.com\/pl\/o-nas\/#breadcrumb"},"inLanguage":"pl-PL","potentialAction":[{"@type":"ReadAction","target":["https:\/\/tourbookinturkey.com\/pl\/o-nas\/"]}]},{"@type":"ImageObject","inLanguage":"pl-PL","@id":"https:\/\/tourbookinturkey.com\/pl\/o-nas\/#primaryimage","url":"https:\/\/tourbookinturkey.com\/pl\/wp-content\/uploads\/2021\/04\/tourbookin-blog-2.jpg","contentUrl":"https:\/\/tourbookinturkey.com\/pl\/wp-content\/uploads\/2021\/04\/tourbookin-blog-2.jpg","width":1200,"height":900},{"@type":"BreadcrumbList","@id":"https:\/\/tourbookinturkey.com\/pl\/o-nas\/#breadcrumb","itemListElement":[{"@type":"ListItem","position":1,"name":"Home","item":"https:\/\/tourbookinturkey.com\/pl\/"},{"@type":"ListItem","position":2,"name":"O nas"}]},{"@type":"WebSite","@id":"https:\/\/tourbookinturkey.com\/pl\/#website","url":"https:\/\/tourbookinturkey.com\/pl\/","name":"Tour Book In Turkey","description":"Tour and Travel","publisher":{"@id":"https:\/\/tourbookinturkey.com\/pl\/#organization"},"potentialAction":[{"@type":"SearchAction","target":{"@type":"EntryPoint","urlTemplate":"https:\/\/tourbookinturkey.com\/pl\/?s={search_term_string}"},"query-input":{"@type":"PropertyValueSpecification","valueRequired":true,"valueName":"search_term_string"}}],"inLanguage":"pl-PL"},{"@type":"Organization","@id":"https:\/\/tourbookinturkey.com\/pl\/#organization","name":"Tour Book in Turkey","url":"https:\/\/tourbookinturkey.com\/pl\/","logo":{"@type":"ImageObject","inLanguage":"pl-PL","@id":"https:\/\/tourbookinturkey.com\/pl\/#\/schema\/logo\/image\/","url":"https:\/\/tourbookinturkey.com\/pl\/wp-content\/uploads\/2019\/11\/logo-tour-1-e1577294646598-1.png","contentUrl":"https:\/\/tourbookinturkey.com\/pl\/wp-content\/uploads\/2019\/11\/logo-tour-1-e1577294646598-1.png","width":3780,"height":1320,"caption":"Tour Book in Turkey"},"image":{"@id":"https:\/\/tourbookinturkey.com\/pl\/#\/schema\/logo\/image\/"}}]}},"_links":{"self":[{"href":"https:\/\/tourbookinturkey.com\/pl\/wp-json\/wp\/v2\/pages\/8028","targetHints":{"allow":["GET"]}}],"collection":[{"href":"https:\/\/tourbookinturkey.com\/pl\/wp-json\/wp\/v2\/pages"}],"about":[{"href":"https:\/\/tourbookinturkey.com\/pl\/wp-json\/wp\/v2\/types\/page"}],"author":[{"embeddable":true,"href":"https:\/\/tourbookinturkey.com\/pl\/wp-json\/wp\/v2\/users\/1"}],"replies":[{"embeddable":true,"href":"https:\/\/tourbookinturkey.com\/pl\/wp-json\/wp\/v2\/comments?post=8028"}],"version-history":[{"count":3,"href":"https:\/\/tourbookinturkey.com\/pl\/wp-json\/wp\/v2\/pages\/8028\/revisions"}],"predecessor-version":[{"id":46380,"href":"https:\/\/tourbookinturkey.com\/pl\/wp-json\/wp\/v2\/pages\/8028\/revisions\/46380"}],"wp:featuredmedia":[{"embeddable":true,"href":"https:\/\/tourbookinturkey.com\/pl\/wp-json\/wp\/v2\/media\/46382"}],"wp:attachment":[{"href":"https:\/\/tourbookinturkey.com\/pl\/wp-json\/wp\/v2\/media?parent=8028"}],"curies":[{"name":"wp","href":"https:\/\/api.w.org\/{rel}","templated":true}]}}